{"id":831,"date":"2021-01-17T10:34:35","date_gmt":"2021-01-17T10:34:35","guid":{"rendered":"http:\/\/oleoka.com.tr\/?page_id=831"},"modified":"2021-08-10T07:37:05","modified_gmt":"2021-08-10T07:37:05","slug":"iletisim","status":"publish","type":"page","link":"https:\/\/oleoka.com.tr\/?page_id=831","title":{"rendered":"\u0130leti\u015fim"},"content":{"rendered":"\t\t<div data-elementor-type=\"wp-page\" data-elementor-id=\"831\" class=\"elementor elementor-831\">\n\t\t\t\t\t\t<section class=\"elementor-section elementor-top-section elementor-element elementor-element-91f9b4b elementor-section-boxed elementor-section-height-default elementor-section-height-default\" data-id=\"91f9b4b\" data-element_type=\"section\" data-e-type=\"section\">\n\t\t\t\t\t\t<div class=\"elementor-container elementor-column-gap-default\">\n\t\t\t\t\t<div class=\"elementor-column elementor-col-100 elementor-top-column elementor-element elementor-element-7bce4d4\" data-id=\"7bce4d4\" data-element_type=\"column\" data-e-type=\"column\">\n\t\t\t<div class=\"elementor-widget-wrap elementor-element-populated\">\n\t\t\t\t\t\t<div class=\"elementor-element elementor-element-41a855d elementor-invisible elementor-widget elementor-widget-text-editor\" data-id=\"41a855d\" data-element_type=\"widget\" data-e-type=\"widget\" data-settings=\"{&quot;_animation&quot;:&quot;slideInDown&quot;}\" data-widget_type=\"text-editor.default\">\n\t\t\t\t<div class=\"elementor-widget-container\">\n\t\t\t\t\t\t\t\t\t<p><b>Oleoka Kimya End\u00fcstrisi Anonim \u015eirketi<\/b><br>Ayd\u0131nbaba Mahallesi<br>\u0130n\u00f6n\u00fc Caddesi No: 234\/1A<br>\u015eahinbey\/ Gaziantep<\/p><div><p>E: info@oleoka.com.tr&nbsp;<br>T: +90 342 231 51 52<\/p>\n<\/div>\t\t\t\t\t\t\t\t<\/div>\n\t\t\t\t<\/div>\n\t\t\t\t\t<\/div>\n\t\t<\/div>\n\t\t\t\t\t<\/div>\n\t\t<\/section>\n\t\t\t\t<\/div>\n\t\t","protected":false},"excerpt":{"rendered":"<div class=\"entry-summary\">\n<div class=\"entry-summary\">\nOleoka Kimya End\u00fcstrisi Anonim \u015eirketiAyd\u0131nbaba Mahallesi\u0130n\u00f6n\u00fc Caddesi No: 234\/1A\u015eahinbey\/ Gaziantep E: info@oleoka.com.tr&nbsp;T: +90 342 231 51 52\n<\/div>\n<div class=\"link-more\"><a href=\"https:\/\/oleoka.com.tr\/?page_id=831\" class=\"more-link\">Continue reading<span class=\"screen-reader-text\"> &ldquo;\u0130leti\u015fim&rdquo;<\/span>&hellip;<\/a><\/div>\n<\/div>\n<div class=\"link-more\"><a href=\"https:\/\/oleoka.com.tr\/?page_id=831\" class=\"more-link\">Continue reading<span class=\"screen-reader-text\"> &ldquo;\u0130leti\u015fim&rdquo;<\/span>&hellip;<\/a><\/div>\n","protected":false},"author":1,"featured_media":903,"parent":0,"menu_order":0,"comment_status":"closed","ping_status":"closed","template":"","meta":{"_acf_changed":false,"footnotes":""},"class_list":["post-831","page","type-page","status-publish","has-post-thumbnail","hentry","entry"],"acf":[],"_links":{"self":[{"href":"https:\/\/oleoka.com.tr\/index.php?rest_route=\/wp\/v2\/pages\/831","targetHints":{"allow":["GET"]}}],"collection":[{"href":"https:\/\/oleoka.com.tr\/index.php?rest_route=\/wp\/v2\/pages"}],"about":[{"href":"https:\/\/oleoka.com.tr\/index.php?rest_route=\/wp\/v2\/types\/page"}],"author":[{"embeddable":true,"href":"https:\/\/oleoka.com.tr\/index.php?rest_route=\/wp\/v2\/users\/1"}],"replies":[{"embeddable":true,"href":"https:\/\/oleoka.com.tr\/index.php?rest_route=%2Fwp%2Fv2%2Fcomments&post=831"}],"version-history":[{"count":14,"href":"https:\/\/oleoka.com.tr\/index.php?rest_route=\/wp\/v2\/pages\/831\/revisions"}],"predecessor-version":[{"id":989,"href":"https:\/\/oleoka.com.tr\/index.php?rest_route=\/wp\/v2\/pages\/831\/revisions\/989"}],"wp:featuredmedia":[{"embeddable":true,"href":"https:\/\/oleoka.com.tr\/index.php?rest_route=\/wp\/v2\/media\/903"}],"wp:attachment":[{"href":"https:\/\/oleoka.com.tr\/index.php?rest_route=%2Fwp%2Fv2%2Fmedia&parent=831"}],"curies":[{"name":"wp","href":"https:\/\/api.w.org\/{rel}","templated":true}]}}