{"id":813,"date":"2021-01-17T09:59:54","date_gmt":"2021-01-17T09:59:54","guid":{"rendered":"http:\/\/oleoka.com.tr\/?page_id=813"},"modified":"2021-08-10T07:15:49","modified_gmt":"2021-08-10T07:15:49","slug":"hakkimizda","status":"publish","type":"page","link":"https:\/\/oleoka.com.tr\/","title":{"rendered":"Oleoka Kimya End\u00fcstrisi Anonim \u015eirketi"},"content":{"rendered":"\t\t<div data-elementor-type=\"wp-page\" data-elementor-id=\"813\" class=\"elementor elementor-813\">\n\t\t\t\t\t\t<section class=\"elementor-section elementor-top-section elementor-element elementor-element-d3802c0 elementor-section-boxed elementor-section-height-default elementor-section-height-default\" data-id=\"d3802c0\" data-element_type=\"section\" data-e-type=\"section\">\n\t\t\t\t\t\t<div class=\"elementor-container elementor-column-gap-default\">\n\t\t\t\t\t<div class=\"elementor-column elementor-col-50 elementor-top-column elementor-element elementor-element-214f089\" data-id=\"214f089\" data-element_type=\"column\" data-e-type=\"column\">\n\t\t\t<div class=\"elementor-widget-wrap elementor-element-populated\">\n\t\t\t\t\t\t<div class=\"elementor-element elementor-element-1d730db elementor-invisible elementor-widget elementor-widget-text-editor\" data-id=\"1d730db\" data-element_type=\"widget\" data-e-type=\"widget\" data-settings=\"{&quot;_animation&quot;:&quot;zoomIn&quot;}\" data-widget_type=\"text-editor.default\">\n\t\t\t\t<div class=\"elementor-widget-container\">\n\t\t\t\t\t\t\t\t\t<p>Toprak bize ihtiyac\u0131m\u0131z olan hemen her \u015feyi verir. \u0130nsano\u011flunun yapmas\u0131 gereken topra\u011f\u0131n verdiklerini do\u011fru i\u015fleyerek gereksinimlerini kar\u015f\u0131lamakt\u0131r.<\/p><p>End\u00fcstride kullan\u0131lan hammaddelerin tar\u0131msal ve bitkisel kaynakl\u0131 olmas\u0131 s\u00fcrd\u00fcr\u00fclebilir bir \u00e7evre ve kaynaklar\u0131n verimli kullan\u0131lmas\u0131 i\u00e7in \u00e7ok \u00f6nemlidir.\u00a0<\/p><p><b>Oleoka<\/b> ba\u015fta s\u0131v\u0131 ve kat\u0131 ya\u011flar ile oleokimyasallar olmak \u00fczere, topra\u011f\u0131n verdi\u011fi \u00fcr\u00fcnlerden elde edilen end\u00fcstriyel kimyasallar\u0131n yayg\u0131n kullan\u0131lmas\u0131 ve bunlara kolay ula\u015f\u0131lmas\u0131 amac\u0131 ile kuruldu.<\/p>\t\t\t\t\t\t\t\t<\/div>\n\t\t\t\t<\/div>\n\t\t\t\t\t<\/div>\n\t\t<\/div>\n\t\t\t\t<div class=\"elementor-column elementor-col-50 elementor-top-column elementor-element elementor-element-91a3dda\" data-id=\"91a3dda\" data-element_type=\"column\" data-e-type=\"column\">\n\t\t\t<div class=\"elementor-widget-wrap elementor-element-populated\">\n\t\t\t\t\t\t<div class=\"elementor-element elementor-element-a64b100 elementor-invisible elementor-widget elementor-widget-image\" data-id=\"a64b100\" data-element_type=\"widget\" data-e-type=\"widget\" data-settings=\"{&quot;_animation&quot;:&quot;slideInDown&quot;}\" data-widget_type=\"image.default\">\n\t\t\t\t<div class=\"elementor-widget-container\">\n\t\t\t\t\t\t\t\t\t\t\t\t\t\t\t<img fetchpriority=\"high\" decoding=\"async\" width=\"682\" height=\"1024\" src=\"https:\/\/oleoka.com.tr\/wp-content\/uploads\/2020\/12\/cropped-olive-olive-oil-green-3151904-682x1024.jpg\" class=\"attachment-large size-large wp-image-746\" alt=\"\" srcset=\"https:\/\/oleoka.com.tr\/wp-content\/uploads\/2020\/12\/cropped-olive-olive-oil-green-3151904-682x1024.jpg 682w, https:\/\/oleoka.com.tr\/wp-content\/uploads\/2020\/12\/cropped-olive-olive-oil-green-3151904-200x300.jpg 200w, https:\/\/oleoka.com.tr\/wp-content\/uploads\/2020\/12\/cropped-olive-olive-oil-green-3151904-768x1152.jpg 768w, https:\/\/oleoka.com.tr\/wp-content\/uploads\/2020\/12\/cropped-olive-olive-oil-green-3151904.jpg 853w\" sizes=\"(max-width: 682px) 100vw, 682px\" \/>\t\t\t\t\t\t\t\t\t\t\t\t\t\t\t<\/div>\n\t\t\t\t<\/div>\n\t\t\t\t<div class=\"elementor-element elementor-element-f1a73dd elementor-invisible elementor-widget elementor-widget-image\" data-id=\"f1a73dd\" data-element_type=\"widget\" data-e-type=\"widget\" data-settings=\"{&quot;_animation&quot;:&quot;slideInDown&quot;}\" data-widget_type=\"image.default\">\n\t\t\t\t<div class=\"elementor-widget-container\">\n\t\t\t\t\t\t\t\t\t\t\t\t\t\t\t<img decoding=\"async\" width=\"1024\" height=\"646\" src=\"https:\/\/oleoka.com.tr\/wp-content\/uploads\/2020\/12\/olive-oil-centrifuge-production-3803133-e1609495099821-1024x646.jpg\" class=\"attachment-large size-large wp-image-691\" alt=\"olive oil, centrifuge, production\" srcset=\"https:\/\/oleoka.com.tr\/wp-content\/uploads\/2020\/12\/olive-oil-centrifuge-production-3803133-e1609495099821-1024x646.jpg 1024w, https:\/\/oleoka.com.tr\/wp-content\/uploads\/2020\/12\/olive-oil-centrifuge-production-3803133-e1609495099821-300x189.jpg 300w, https:\/\/oleoka.com.tr\/wp-content\/uploads\/2020\/12\/olive-oil-centrifuge-production-3803133-e1609495099821-768x485.jpg 768w, https:\/\/oleoka.com.tr\/wp-content\/uploads\/2020\/12\/olive-oil-centrifuge-production-3803133-e1609495099821-750x473.jpg 750w, https:\/\/oleoka.com.tr\/wp-content\/uploads\/2020\/12\/olive-oil-centrifuge-production-3803133-e1609495099821.jpg 1280w\" sizes=\"(max-width: 1024px) 100vw, 1024px\" \/>\t\t\t\t\t\t\t\t\t\t\t\t\t\t\t<\/div>\n\t\t\t\t<\/div>\n\t\t\t\t<div class=\"elementor-element elementor-element-2ceeabf elementor-invisible elementor-widget elementor-widget-image\" data-id=\"2ceeabf\" data-element_type=\"widget\" data-e-type=\"widget\" data-settings=\"{&quot;_animation&quot;:&quot;slideInDown&quot;}\" data-widget_type=\"image.default\">\n\t\t\t\t<div class=\"elementor-widget-container\">\n\t\t\t\t\t\t\t\t\t\t\t\t\t\t\t<img decoding=\"async\" width=\"1024\" height=\"683\" src=\"https:\/\/oleoka.com.tr\/wp-content\/uploads\/2020\/12\/olive-oil-olives-bread-3803168-1024x683.jpg\" class=\"attachment-large size-large wp-image-692\" alt=\"olive oil, olives, bread\" srcset=\"https:\/\/oleoka.com.tr\/wp-content\/uploads\/2020\/12\/olive-oil-olives-bread-3803168-1024x683.jpg 1024w, https:\/\/oleoka.com.tr\/wp-content\/uploads\/2020\/12\/olive-oil-olives-bread-3803168-300x200.jpg 300w, https:\/\/oleoka.com.tr\/wp-content\/uploads\/2020\/12\/olive-oil-olives-bread-3803168-768x512.jpg 768w, https:\/\/oleoka.com.tr\/wp-content\/uploads\/2020\/12\/olive-oil-olives-bread-3803168-750x500.jpg 750w, https:\/\/oleoka.com.tr\/wp-content\/uploads\/2020\/12\/olive-oil-olives-bread-3803168.jpg 1280w\" sizes=\"(max-width: 1024px) 100vw, 1024px\" \/>\t\t\t\t\t\t\t\t\t\t\t\t\t\t\t<\/div>\n\t\t\t\t<\/div>\n\t\t\t\t\t<\/div>\n\t\t<\/div>\n\t\t\t\t\t<\/div>\n\t\t<\/section>\n\t\t\t\t<\/div>\n\t\t","protected":false},"excerpt":{"rendered":"<div class=\"entry-summary\">\n<div class=\"entry-summary\">\nToprak bize ihtiyac\u0131m\u0131z olan hemen her \u015feyi verir. \u0130nsano\u011flunun yapmas\u0131 gereken topra\u011f\u0131n verdiklerini do\u011fru i\u015fleyerek gereksinimlerini kar\u015f\u0131lamakt\u0131r. End\u00fcstride kullan\u0131lan hammaddelerin tar\u0131msal ve bitkisel kaynakl\u0131 olmas\u0131 s\u00fcrd\u00fcr\u00fclebilir bir \u00e7evre ve kaynaklar\u0131n verimli kullan\u0131lmas\u0131 i\u00e7in \u00e7ok \u00f6nemlidir.\u00a0 Oleoka ba\u015fta s\u0131v\u0131 ve kat\u0131&hellip;\n<\/div>\n<div class=\"link-more\"><a href=\"https:\/\/oleoka.com.tr\/\" class=\"more-link\">Continue reading<span class=\"screen-reader-text\"> &ldquo;Oleoka Kimya End\u00fcstrisi Anonim \u015eirketi&rdquo;<\/span>&hellip;<\/a><\/div>\n<\/div>\n<div class=\"link-more\"><a href=\"https:\/\/oleoka.com.tr\/\" class=\"more-link\">Continue reading<span class=\"screen-reader-text\"> &ldquo;Oleoka Kimya End\u00fcstrisi Anonim \u015eirketi&rdquo;<\/span>&hellip;<\/a><\/div>\n","protected":false},"author":1,"featured_media":271,"parent":0,"menu_order":0,"comment_status":"closed","ping_status":"closed","template":"","meta":{"_acf_changed":false,"footnotes":""},"class_list":["post-813","page","type-page","status-publish","has-post-thumbnail","hentry","entry"],"acf":[],"_links":{"self":[{"href":"https:\/\/oleoka.com.tr\/index.php?rest_route=\/wp\/v2\/pages\/813","targetHints":{"allow":["GET"]}}],"collection":[{"href":"https:\/\/oleoka.com.tr\/index.php?rest_route=\/wp\/v2\/pages"}],"about":[{"href":"https:\/\/oleoka.com.tr\/index.php?rest_route=\/wp\/v2\/types\/page"}],"author":[{"embeddable":true,"href":"https:\/\/oleoka.com.tr\/index.php?rest_route=\/wp\/v2\/users\/1"}],"replies":[{"embeddable":true,"href":"https:\/\/oleoka.com.tr\/index.php?rest_route=%2Fwp%2Fv2%2Fcomments&post=813"}],"version-history":[{"count":39,"href":"https:\/\/oleoka.com.tr\/index.php?rest_route=\/wp\/v2\/pages\/813\/revisions"}],"predecessor-version":[{"id":976,"href":"https:\/\/oleoka.com.tr\/index.php?rest_route=\/wp\/v2\/pages\/813\/revisions\/976"}],"wp:featuredmedia":[{"embeddable":true,"href":"https:\/\/oleoka.com.tr\/index.php?rest_route=\/wp\/v2\/media\/271"}],"wp:attachment":[{"href":"https:\/\/oleoka.com.tr\/index.php?rest_route=%2Fwp%2Fv2%2Fmedia&parent=813"}],"curies":[{"name":"wp","href":"https:\/\/api.w.org\/{rel}","templated":true}]}}